{"id":12203,"date":"2024-10-20T16:15:19","date_gmt":"2024-10-20T16:15:19","guid":{"rendered":"https:\/\/www.twyntech.ca\/questions-frequemment-posees\/"},"modified":"2024-12-08T04:11:45","modified_gmt":"2024-12-08T04:11:45","slug":"faq-2","status":"publish","type":"page","link":"https:\/\/www.twyntech.ca\/fr\/faq-2\/","title":{"rendered":"FAQ"},"content":{"rendered":"\t\t<div data-elementor-type=\"wp-page\" data-elementor-id=\"12203\" class=\"elementor elementor-12203\" data-elementor-post-type=\"page\">\n\t\t\t\t\t\t<section class=\"elementor-section elementor-top-section elementor-element elementor-element-d3bddfb elementor-section-boxed elementor-section-height-default elementor-section-height-default\" data-id=\"d3bddfb\" data-element_type=\"section\">\n\t\t\t\t\t\t<div class=\"elementor-container elementor-column-gap-default\">\n\t\t\t\t\t<div class=\"elementor-column elementor-col-100 elementor-top-column elementor-element elementor-element-efb8d57\" data-id=\"efb8d57\" data-element_type=\"column\">\n\t\t\t<div class=\"elementor-widget-wrap elementor-element-populated\">\n\t\t\t\t\t\t<div class=\"elementor-element elementor-element-6b5534c elementor-widget elementor-widget-heading\" data-id=\"6b5534c\" data-element_type=\"widget\" data-widget_type=\"heading.default\">\n\t\t\t\t<div class=\"elementor-widget-container\">\n\t\t\t\t\t<h2 class=\"elementor-heading-title elementor-size-default\">Foire Aux Questions<\/h2>\t\t\t\t<\/div>\n\t\t\t\t<\/div>\n\t\t\t\t\t<\/div>\n\t\t<\/div>\n\t\t\t\t\t<\/div>\n\t\t<\/section>\n\t\t\t\t<section class=\"elementor-section elementor-top-section elementor-element elementor-element-a38dd0f elementor-section-boxed elementor-section-height-default elementor-section-height-default\" data-id=\"a38dd0f\" data-element_type=\"section\">\n\t\t\t\t\t\t<div class=\"elementor-container elementor-column-gap-default\">\n\t\t\t\t\t<div class=\"elementor-column elementor-col-100 elementor-top-column elementor-element elementor-element-cace968\" data-id=\"cace968\" data-element_type=\"column\">\n\t\t\t<div class=\"elementor-widget-wrap elementor-element-populated\">\n\t\t\t\t\t\t<div class=\"elementor-element elementor-element-13c2fcd elementor-widget elementor-widget-shortcode\" data-id=\"13c2fcd\" data-element_type=\"widget\" data-widget_type=\"shortcode.default\">\n\t\t\t\t<div class=\"elementor-widget-container\">\n\t\t\t\t\t\t\t<div class=\"elementor-shortcode\"><style>#sp-ea-12561 .spcollapsing { height: 0; overflow: hidden; transition-property: height;transition-duration: 300ms;}#sp-ea-12561.sp-easy-accordion>.sp-ea-single {margin-bottom: 10px; border: 1px solid #e2e2e2; }#sp-ea-12561.sp-easy-accordion>.sp-ea-single>.ea-header a {color: #444;}#sp-ea-12561.sp-easy-accordion>.sp-ea-single>.sp-collapse>.ea-body {background: #fff; color: #444;}#sp-ea-12561.sp-easy-accordion>.sp-ea-single {background: #eee;}#sp-ea-12561.sp-easy-accordion>.sp-ea-single>.ea-header a .ea-expand-icon { float: left; color: #444;font-size: 16px;}<\/style><div id=\"sp_easy_accordion-1731277840\">\n<div id=\"sp-ea-12561\" class=\"sp-ea-one sp-easy-accordion\" data-ea-active=\"ea-click\" data-ea-mode=\"vertical\" data-preloader=\"\" data-scroll-active-item=\"\" data-offset-to-scroll=\"0\">\n\n<!-- Start accordion card div. -->\n<div class=\"ea-card ea-expand sp-ea-single\">\n\t<!-- Start accordion header. -->\n\t<h3 class=\"ea-header\">\n\t\t<!-- Add anchor tag for header. -->\n\t\t<a class=\"collapsed\" id=\"ea-header-125610\" role=\"button\" data-sptoggle=\"spcollapse\" data-sptarget=\"#collapse125610\" aria-controls=\"collapse125610\" href=\"#\"  aria-expanded=\"true\" tabindex=\"0\">\n\t\t<i aria-hidden=\"true\" role=\"presentation\" class=\"ea-expand-icon eap-icon-ea-expand-minus\"><\/i> Quelle est la mission de Services Twyntech?\t\t<\/a> <!-- Close anchor tag for header. -->\n\t<\/h3>\t<!-- Close header tag. -->\n\t<!-- Start collapsible content div. -->\n\t<div class=\"sp-collapse spcollapse collapsed show\" id=\"collapse125610\" data-parent=\"#sp-ea-12561\" role=\"region\" aria-labelledby=\"ea-header-125610\">  <!-- Content div. -->\n\t\t<div class=\"ea-body\">\n\t\t<div class=\"QmZWSe\">\n<div class=\"DHcWmd\"><\/div>\n<\/div>\n<div class=\"oSioSc\">\n<div id=\"tw-target\">\n<div id=\"kAz1tf\" class=\"g9WsWb PZPZlf\" data-attrid=\"tw-targetArea\" data-entityname=\"Google Translate\">\n<div id=\"tw-target-text-container\" class=\"tw-ta-container F0azHf tw-nfl\" role=\"text\">\n<p id=\"tw-target-text\" class=\"tw-data-text tw-text-large tw-ta\" dir=\"ltr\" data-placeholder=\"Translation\" data-ved=\"2ahUKEwig6bK66NKJAxX1BTQIHa3XClUQ3ewLegQICRAV\" aria-label=\"Translated text: TWYNTECH a \u00e9t\u00e9 fond\u00e9e dans le but de combler le foss\u00e9 entre la technologie et les entreprises locales. Nous fournissons les outils et le soutien n\u00e9cessaires pour aider les entreprises \u00e0 tirer parti des derni\u00e8res technologies pour r\u00e9ussir dans le paysage num\u00e9rique actuel.\"><span class=\"Y2IQFc\" lang=\"fr\">Services Twyntech a \u00e9t\u00e9 fond\u00e9e pour rapprocher la technologie des PME. Nous offrons des services de support TI g\u00e9r\u00e9s \u00e0 des prix comp\u00e9titifs, fournissant des solutions personnalis\u00e9es et un accompagnement expert. Notre mission est d\u2019aider les entreprises \u00e0 optimiser leur fonctionnement et \u00e0 r\u00e9ussir dans un environnement num\u00e9rique en constante \u00e9volution, tout en leur permettant de se concentrer sur leur c\u0153ur de m\u00e9tier.<\/span><\/p>\n<\/div>\n<\/div>\n<\/div>\n<\/div>\n\t\t<\/div> <!-- Close content div. -->\n\t<\/div> <!-- Close collapse div. -->\n<\/div> <!-- Close card div. -->\n<!-- Start accordion card div. -->\n<div class=\"ea-card  sp-ea-single\">\n\t<!-- Start accordion header. -->\n\t<h3 class=\"ea-header\">\n\t\t<!-- Add anchor tag for header. -->\n\t\t<a class=\"collapsed\" id=\"ea-header-125611\" role=\"button\" data-sptoggle=\"spcollapse\" data-sptarget=\"#collapse125611\" aria-controls=\"collapse125611\" href=\"#\"  aria-expanded=\"false\" tabindex=\"0\">\n\t\t<i aria-hidden=\"true\" role=\"presentation\" class=\"ea-expand-icon eap-icon-ea-expand-plus\"><\/i> Quels services informatiques proposez-vous ?\t\t<\/a> <!-- Close anchor tag for header. -->\n\t<\/h3>\t<!-- Close header tag. -->\n\t<!-- Start collapsible content div. -->\n\t<div class=\"sp-collapse spcollapse \" id=\"collapse125611\" data-parent=\"#sp-ea-12561\" role=\"region\" aria-labelledby=\"ea-header-125611\">  <!-- Content div. -->\n\t\t<div class=\"ea-body\">\n\t\t<p>Chez TWYNTECH, nous sommes sp\u00e9cialis\u00e9s dans des solutions informatiques compl\u00e8tes pour les PME. Que vous n'ayez pas d'\u00e9quipe informatique interne ou que vous cherchiez une expertise suppl\u00e9mentaire, nos services g\u00e9r\u00e9s assurent que votre infrastructure est modernis\u00e9e, s\u00e9curis\u00e9e et align\u00e9e sur vos objectifs commerciaux.<\/p>\n<ul>\n<li><strong>Surveillance des syst\u00e8mes<\/strong> : Surveillance continue des infrastructures informatiques pour d\u00e9tecter les probl\u00e8mes avant qu'ils n'affectent les op\u00e9rations.<\/li>\n<li><strong>Gestion des sauvegardes<\/strong> : Solutions de sauvegarde automatiques pour prot\u00e9ger les donn\u00e9es critiques.<\/li>\n<li><strong>S\u00e9curit\u00e9 informatique<\/strong> : Mise en place de pare-feu, protection antivirus et gestion des menaces.<\/li>\n<li><strong>Support technique<\/strong> : Assistance aux utilisateurs pour r\u00e9soudre les probl\u00e8mes techniques.<\/li>\n<li><strong>Mise \u00e0 jour des logiciels<\/strong> : Gestion des mises \u00e0 jour et des correctifs pour assurer le bon fonctionnement des syst\u00e8mes.<\/li>\n<li><strong>Gestion des r\u00e9seaux<\/strong> : Configuration, gestion et optimisation des r\u00e9seaux d'entreprise.<\/li>\n<li><strong>Gestion des appareils<\/strong> : Suivi et gestion des ordinateurs, serveurs et autres appareils connect\u00e9s.<\/li>\n<li><strong>Consultation en informatique<\/strong> : \u00c9valuation des besoins technologiques et recommandations de solutions adapt\u00e9es.<\/li>\n<li><strong>Planification de la continuit\u00e9 des activit\u00e9s<\/strong> : \u00c9laboration de strat\u00e9gies pour minimiser les interruptions d'activit\u00e9 en cas de crise.<\/li>\n<li><strong>Services infonuagique<\/strong>\u00a0: Solutions d'h\u00e9bergement et de gestion des donn\u00e9es dans le cloud.<\/li>\n<li><strong>Formation aux logiciels :<\/strong> Sessions de formation pour les utilisateurs sur des logiciels tels qu'Excel, Word, Outlook, etc., ainsi qu'une sensibilisation \u00e0 la s\u00e9curit\u00e9 pour vos employ\u00e9s. Cela r\u00e9duit les erreurs et am\u00e9liore l\u2019efficacit\u00e9 dans l'ex\u00e9cution de leurs t\u00e2ches de mani\u00e8re s\u00e9curis\u00e9e et efficace.<\/li>\n<li><strong>Conception de sites Web<\/strong> : Cr\u00e9ation de sites Web sur mesure, optimis\u00e9s pour les moteurs de recherche et l'exp\u00e9rience utilisateur. Nous proposons \u00e9galement le rafra\u00eechissement et la modernisation de sites existants pour les rendre plus attrayants et fonctionnels avec les derni\u00e8res technologies et tendances de design.<\/li>\n<li><strong>Marketing num\u00e9rique<\/strong> : \u00c9laboration et mise en \u0153uvre de strat\u00e9gies de marketing en ligne, y compris le r\u00e9f\u00e9rencement (SEO), la gestion des r\u00e9seaux sociaux, et des campagnes publicitaires, pour accro\u00eetre votre visibilit\u00e9 et attirer de nouveaux clients.<\/li>\n<\/ul>\n\t\t<\/div> <!-- Close content div. -->\n\t<\/div> <!-- Close collapse div. -->\n<\/div> <!-- Close card div. -->\n<!-- Start accordion card div. -->\n<div class=\"ea-card  sp-ea-single\">\n\t<!-- Start accordion header. -->\n\t<h3 class=\"ea-header\">\n\t\t<!-- Add anchor tag for header. -->\n\t\t<a class=\"collapsed\" id=\"ea-header-125612\" role=\"button\" data-sptoggle=\"spcollapse\" data-sptarget=\"#collapse125612\" aria-controls=\"collapse125612\" href=\"#\"  aria-expanded=\"false\" tabindex=\"0\">\n\t\t<i aria-hidden=\"true\" role=\"presentation\" class=\"ea-expand-icon eap-icon-ea-expand-plus\"><\/i> Quels types de clients servez-vous ?\t\t<\/a> <!-- Close anchor tag for header. -->\n\t<\/h3>\t<!-- Close header tag. -->\n\t<!-- Start collapsible content div. -->\n\t<div class=\"sp-collapse spcollapse \" id=\"collapse125612\" data-parent=\"#sp-ea-12561\" role=\"region\" aria-labelledby=\"ea-header-125612\">  <!-- Content div. -->\n\t\t<div class=\"ea-body\">\n\t\t<p>Nous sp\u00e9cialisons notre support informatique pour les petites et moyennes entreprises (PME) dans la grande r\u00e9gion de Montr\u00e9al et \u00e0 travers le Qu\u00e9bec, le Canada et les \u00c9tats-Unis.<\/p>\n\t\t<\/div> <!-- Close content div. -->\n\t<\/div> <!-- Close collapse div. -->\n<\/div> <!-- Close card div. -->\n<!-- Start accordion card div. -->\n<div class=\"ea-card  sp-ea-single\">\n\t<!-- Start accordion header. -->\n\t<h3 class=\"ea-header\">\n\t\t<!-- Add anchor tag for header. -->\n\t\t<a class=\"collapsed\" id=\"ea-header-125613\" role=\"button\" data-sptoggle=\"spcollapse\" data-sptarget=\"#collapse125613\" aria-controls=\"collapse125613\" href=\"#\"  aria-expanded=\"false\" tabindex=\"0\">\n\t\t<i aria-hidden=\"true\" role=\"presentation\" class=\"ea-expand-icon eap-icon-ea-expand-plus\"><\/i> Comment vos services de support TI peuvent-ils b\u00e9n\u00e9ficier \u00e0 mon entreprise ?\t\t<\/a> <!-- Close anchor tag for header. -->\n\t<\/h3>\t<!-- Close header tag. -->\n\t<!-- Start collapsible content div. -->\n\t<div class=\"sp-collapse spcollapse \" id=\"collapse125613\" data-parent=\"#sp-ea-12561\" role=\"region\" aria-labelledby=\"ea-header-125613\">  <!-- Content div. -->\n\t\t<div class=\"ea-body\">\n\t\t<p>Nos services am\u00e9liorent l\u2019efficacit\u00e9 op\u00e9rationnelle, renforcent la s\u00e9curit\u00e9, r\u00e9duisent les temps d'arr\u00eat et permettent \u00e0 votre \u00e9quipe de se concentrer sur les activit\u00e9s principales pendant que nous g\u00e9rons votre infrastructure informatique.<\/p>\n\t\t<\/div> <!-- Close content div. -->\n\t<\/div> <!-- Close collapse div. -->\n<\/div> <!-- Close card div. -->\n<!-- Start accordion card div. -->\n<div class=\"ea-card  sp-ea-single\">\n\t<!-- Start accordion header. -->\n\t<h3 class=\"ea-header\">\n\t\t<!-- Add anchor tag for header. -->\n\t\t<a class=\"collapsed\" id=\"ea-header-125614\" role=\"button\" data-sptoggle=\"spcollapse\" data-sptarget=\"#collapse125614\" aria-controls=\"collapse125614\" href=\"#\"  aria-expanded=\"false\" tabindex=\"0\">\n\t\t<i aria-hidden=\"true\" role=\"presentation\" class=\"ea-expand-icon eap-icon-ea-expand-plus\"><\/i> Comment traitez-vous la confidentialit\u00e9 de nos donn\u00e9es ?\t\t<\/a> <!-- Close anchor tag for header. -->\n\t<\/h3>\t<!-- Close header tag. -->\n\t<!-- Start collapsible content div. -->\n\t<div class=\"sp-collapse spcollapse \" id=\"collapse125614\" data-parent=\"#sp-ea-12561\" role=\"region\" aria-labelledby=\"ea-header-125614\">  <!-- Content div. -->\n\t\t<div class=\"ea-body\">\n\t\t<p>Nous nous engageons \u00e0 respecter la confidentialit\u00e9 et la s\u00e9curit\u00e9 de vos donn\u00e9es, conform\u00e9ment \u00e0 la Loi sur la protection des renseignements personnels et les documents \u00e9lectroniques (LPRPDE) et aux meilleures pratiques du secteur. Un accord de non-divulgation (NDA) est sign\u00e9 avec chaque client.<\/p>\n\t\t<\/div> <!-- Close content div. -->\n\t<\/div> <!-- Close collapse div. -->\n<\/div> <!-- Close card div. -->\n<!-- Start accordion card div. -->\n<div class=\"ea-card  sp-ea-single\">\n\t<!-- Start accordion header. -->\n\t<h3 class=\"ea-header\">\n\t\t<!-- Add anchor tag for header. -->\n\t\t<a class=\"collapsed\" id=\"ea-header-125615\" role=\"button\" data-sptoggle=\"spcollapse\" data-sptarget=\"#collapse125615\" aria-controls=\"collapse125615\" href=\"#\"  aria-expanded=\"false\" tabindex=\"0\">\n\t\t<i aria-hidden=\"true\" role=\"presentation\" class=\"ea-expand-icon eap-icon-ea-expand-plus\"><\/i> Quels sont vos horaires de service ?\t\t<\/a> <!-- Close anchor tag for header. -->\n\t<\/h3>\t<!-- Close header tag. -->\n\t<!-- Start collapsible content div. -->\n\t<div class=\"sp-collapse spcollapse \" id=\"collapse125615\" data-parent=\"#sp-ea-12561\" role=\"region\" aria-labelledby=\"ea-header-125615\">  <!-- Content div. -->\n\t\t<div class=\"ea-body\">\n\t\t<p>Notre \u00e9quipe de support est disponible du lundi au vendredi de 8h \u00e0 18h, avec une disponibilit\u00e9 \u00e9tendue pour les interventions d\u2019urgence 24h\/24 7j\/7.<\/p>\n\t\t<\/div> <!-- Close content div. -->\n\t<\/div> <!-- Close collapse div. -->\n<\/div> <!-- Close card div. -->\n<!-- Start accordion card div. -->\n<div class=\"ea-card  sp-ea-single\">\n\t<!-- Start accordion header. -->\n\t<h3 class=\"ea-header\">\n\t\t<!-- Add anchor tag for header. -->\n\t\t<a class=\"collapsed\" id=\"ea-header-125616\" role=\"button\" data-sptoggle=\"spcollapse\" data-sptarget=\"#collapse125616\" aria-controls=\"collapse125616\" href=\"#\"  aria-expanded=\"false\" tabindex=\"0\">\n\t\t<i aria-hidden=\"true\" role=\"presentation\" class=\"ea-expand-icon eap-icon-ea-expand-plus\"><\/i> Comment contacter votre \u00e9quipe de support pour soumettre un incident informatique?\t\t<\/a> <!-- Close anchor tag for header. -->\n\t<\/h3>\t<!-- Close header tag. -->\n\t<!-- Start collapsible content div. -->\n\t<div class=\"sp-collapse spcollapse \" id=\"collapse125616\" data-parent=\"#sp-ea-12561\" role=\"region\" aria-labelledby=\"ea-header-125616\">  <!-- Content div. -->\n\t\t<div class=\"ea-body\">\n\t\t<p>Chaque client dispose d'un acc\u00e8s s\u00e9curis\u00e9 et gratuit \u00e0 notre portail client. Cette plateforme conviviale vous permet de suivre l'avancement de vos projets, de consulter l'historique des demandes d'assistance ou des probl\u00e8mes signal\u00e9s et de soumettre facilement des nouvelle demandes et signaler des incidents informatiques. Vous pouvez aussi nous appeler au num\u00e9ro de t\u00e9l\u00e9phone d\u00e9di\u00e9 disponible dans notre site web.<\/p>\n<p>Notre \u00e9quipe exp\u00e9riment\u00e9e est d\u00e9di\u00e9e \u00e0 fournir une assistance rapide et efficace, tout en garantissant la s\u00e9curit\u00e9 de vos informations. Connectez-vous \u00e0 votre compte pour b\u00e9n\u00e9ficier de ces services TI.<\/p>\n\t\t<\/div> <!-- Close content div. -->\n\t<\/div> <!-- Close collapse div. -->\n<\/div> <!-- Close card div. -->\n<!-- Start accordion card div. -->\n<div class=\"ea-card  sp-ea-single\">\n\t<!-- Start accordion header. -->\n\t<h3 class=\"ea-header\">\n\t\t<!-- Add anchor tag for header. -->\n\t\t<a class=\"collapsed\" id=\"ea-header-125617\" role=\"button\" data-sptoggle=\"spcollapse\" data-sptarget=\"#collapse125617\" aria-controls=\"collapse125617\" href=\"#\"  aria-expanded=\"false\" tabindex=\"0\">\n\t\t<i aria-hidden=\"true\" role=\"presentation\" class=\"ea-expand-icon eap-icon-ea-expand-plus\"><\/i> Comment d\u00e9marrer les services de support avec votre entreprise ?\t\t<\/a> <!-- Close anchor tag for header. -->\n\t<\/h3>\t<!-- Close header tag. -->\n\t<!-- Start collapsible content div. -->\n\t<div class=\"sp-collapse spcollapse \" id=\"collapse125617\" data-parent=\"#sp-ea-12561\" role=\"region\" aria-labelledby=\"ea-header-125617\">  <!-- Content div. -->\n\t\t<div class=\"ea-body\">\n\t\t<p>Simplement contactez-nous via notre site web ou par t\u00e9l\u00e9phone pour discuter de vos besoins. Nous proposons une consultation gratuite pour \u00e9valuer vos infrastructures et recommander les meilleures solutions et services pour votre entreprise.<\/p>\n\t\t<\/div> <!-- Close content div. -->\n\t<\/div> <!-- Close collapse div. -->\n<\/div> <!-- Close card div. -->\n<!-- Start accordion card div. -->\n<div class=\"ea-card  sp-ea-single\">\n\t<!-- Start accordion header. -->\n\t<h3 class=\"ea-header\">\n\t\t<!-- Add anchor tag for header. -->\n\t\t<a class=\"collapsed\" id=\"ea-header-125618\" role=\"button\" data-sptoggle=\"spcollapse\" data-sptarget=\"#collapse125618\" aria-controls=\"collapse125618\" href=\"#\"  aria-expanded=\"false\" tabindex=\"0\">\n\t\t<i aria-hidden=\"true\" role=\"presentation\" class=\"ea-expand-icon eap-icon-ea-expand-plus\"><\/i> Quelles sont les valeurs fondamentales de votre entreprise ?\t\t<\/a> <!-- Close anchor tag for header. -->\n\t<\/h3>\t<!-- Close header tag. -->\n\t<!-- Start collapsible content div. -->\n\t<div class=\"sp-collapse spcollapse \" id=\"collapse125618\" data-parent=\"#sp-ea-12561\" role=\"region\" aria-labelledby=\"ea-header-125618\">  <!-- Content div. -->\n\t\t<div class=\"ea-body\">\n\t\t<p>&nbsp;<\/p>\n<ul>\n<li><strong>Confiance<\/strong> : Nous b\u00e2tissons des relations durables bas\u00e9es sur la transparence et la fiabilit\u00e9.<\/li>\n<li><strong>Innovation<\/strong> : Nous restons \u00e0 la pointe des technologies pour offrir les meilleures solutions.<\/li>\n<li><strong>Proximit\u00e9<\/strong> : Nous nous engageons \u00e0 comprendre et \u00e0 r\u00e9pondre aux besoins sp\u00e9cifiques de chaque client.<\/li>\n<li><strong>Excellence<\/strong> : Nous nous fixons les plus hauts standards de qualit\u00e9 dans tous nos services.\n<p>Ces valeurs guident notre approche et nous permettent de construire des partenariats solides avec les PME que nous servons.<\/li>\n<\/ul>\n\t\t<\/div> <!-- Close content div. -->\n\t<\/div> <!-- Close collapse div. -->\n<\/div> <!-- Close card div. -->\n<\/div>\n<\/div>\n<\/div>\n\t\t\t\t\t\t<\/div>\n\t\t\t\t<\/div>\n\t\t\t\t\t<\/div>\n\t\t<\/div>\n\t\t\t\t\t<\/div>\n\t\t<\/section>\n\t\t\t\t<section class=\"elementor-section elementor-top-section elementor-element elementor-element-7c06621 elementor-section-stretched elementor-section-boxed elementor-section-height-default elementor-section-height-default\" data-id=\"7c06621\" data-element_type=\"section\" data-settings=\"{&quot;stretch_section&quot;:&quot;section-stretched&quot;,&quot;background_background&quot;:&quot;classic&quot;}\">\n\t\t\t\t\t\t<div class=\"elementor-container elementor-column-gap-wider\">\n\t\t\t\t\t<div class=\"elementor-column elementor-col-100 elementor-top-column elementor-element elementor-element-b9d7cfd\" data-id=\"b9d7cfd\" data-element_type=\"column\" data-settings=\"{&quot;background_background&quot;:&quot;classic&quot;}\">\n\t\t\t<div class=\"elementor-widget-wrap elementor-element-populated\">\n\t\t\t\t\t\t<div class=\"elementor-element elementor-element-9c55c91 elementor-widget elementor-widget-heading\" data-id=\"9c55c91\" data-element_type=\"widget\" data-widget_type=\"heading.default\">\n\t\t\t\t<div class=\"elementor-widget-container\">\n\t\t\t\t\t<h2 class=\"elementor-heading-title elementor-size-default\">Prenez contact avec nous d\u00e8s aujourd'hui ! Pour en savoir plus sur la mani\u00e8re dont nos services informatiques peuvent profiter \u00e0 votre entreprise<\/h2>\t\t\t\t<\/div>\n\t\t\t\t<\/div>\n\t\t\t\t<div class=\"elementor-element elementor-element-30d4421 elementor-widget elementor-widget-spacer\" data-id=\"30d4421\" data-element_type=\"widget\" data-widget_type=\"spacer.default\">\n\t\t\t\t<div class=\"elementor-widget-container\">\n\t\t\t\t\t\t\t<div class=\"elementor-spacer\">\n\t\t\t<div class=\"elementor-spacer-inner\"><\/div>\n\t\t<\/div>\n\t\t\t\t\t\t<\/div>\n\t\t\t\t<\/div>\n\t\t\t\t<div class=\"elementor-element elementor-element-ec81da8 elementor-align-center elementor-widget elementor-widget-the7_button_widget\" data-id=\"ec81da8\" data-element_type=\"widget\" data-widget_type=\"the7_button_widget.default\">\n\t\t\t\t<div class=\"elementor-widget-container\">\n\t\t\t\t\t<div class=\"elementor-button-wrapper\"><a href=\"https:\/\/www.twyntech.ca\/fr\/contact\/\" class=\"box-button elementor-button elementor-size-lg\">Contactez-nous<\/a><\/div>\t\t\t\t<\/div>\n\t\t\t\t<\/div>\n\t\t\t\t\t<\/div>\n\t\t<\/div>\n\t\t\t\t\t<\/div>\n\t\t<\/section>\n\t\t\t\t<\/div>\n\t\t","protected":false},"excerpt":{"rendered":"<p>Foire Aux Questions Prenez contact avec nous d\u00e8s aujourd&#8217;hui ! Pour en savoir plus sur la mani\u00e8re dont nos services informatiques peuvent profiter \u00e0 votre entreprise Contactez-nous<\/p>\n","protected":false},"author":1,"featured_media":5294,"parent":0,"menu_order":15,"comment_status":"closed","ping_status":"closed","template":"","meta":{"footnotes":""},"class_list":["post-12203","page","type-page","status-publish","has-post-thumbnail","hentry"],"_links":{"self":[{"href":"https:\/\/www.twyntech.ca\/fr\/wp-json\/wp\/v2\/pages\/12203","targetHints":{"allow":["GET"]}}],"collection":[{"href":"https:\/\/www.twyntech.ca\/fr\/wp-json\/wp\/v2\/pages"}],"about":[{"href":"https:\/\/www.twyntech.ca\/fr\/wp-json\/wp\/v2\/types\/page"}],"author":[{"embeddable":true,"href":"https:\/\/www.twyntech.ca\/fr\/wp-json\/wp\/v2\/users\/1"}],"replies":[{"embeddable":true,"href":"https:\/\/www.twyntech.ca\/fr\/wp-json\/wp\/v2\/comments?post=12203"}],"version-history":[{"count":27,"href":"https:\/\/www.twyntech.ca\/fr\/wp-json\/wp\/v2\/pages\/12203\/revisions"}],"predecessor-version":[{"id":12825,"href":"https:\/\/www.twyntech.ca\/fr\/wp-json\/wp\/v2\/pages\/12203\/revisions\/12825"}],"wp:featuredmedia":[{"embeddable":true,"href":"https:\/\/www.twyntech.ca\/fr\/wp-json\/wp\/v2\/media\/5294"}],"wp:attachment":[{"href":"https:\/\/www.twyntech.ca\/fr\/wp-json\/wp\/v2\/media?parent=12203"}],"curies":[{"name":"wp","href":"https:\/\/api.w.org\/{rel}","templated":true}]}}