{"id":5312,"date":"2023-01-22T14:53:05","date_gmt":"2023-01-23T00:53:05","guid":{"rendered":"https:\/\/www.twyntech.ca\/services-en-nuage\/"},"modified":"2024-07-12T11:37:17","modified_gmt":"2024-07-12T21:37:17","slug":"services-en-nuage","status":"publish","type":"page","link":"https:\/\/www.twyntech.ca\/fr\/services-en-nuage\/","title":{"rendered":"Services Cloud"},"content":{"rendered":"<h3>Ce que nous fournissons pour les services cloud<\/h3>\n<p>\t\t\t\t\t\t\t\t\t\t\t\t\t<img decoding=\"async\" src=\"https:\/\/www.twyntech.ca\/wp-content\/uploads\/elementor\/thumbs\/cloud_computing-qb1br7qcuu8sun0p6pk65lqp8m6rzdws8zsb7vbo9g.jpg\" title=\"cloud_computing\" alt=\"cloud_computing\" loading=\"lazy\" \/>\t\t\t\t\t\t\t\t\t\t\t\t\t<\/p>\n<p>Nous fournissons des services d&#8217;informatique cloud qui permettent aux utilisateurs d&#8217;acc\u00e9der \u00e0 des ressources informatiques, telles que des logiciels, des espaces de stockage et de la puissance de traitement, et de les g\u00e9rer via l&#8217;internet. Nous proposons diff\u00e9rents types de services en nuage, notamment l&#8217;infrastructure en tant que service (IaaS), la plateforme en tant que service (PaaS) et le logiciel en tant que service (SaaS), qui fournissent une gamme de services tels que des serveurs virtualis\u00e9s, des bases de donn\u00e9es, des plateformes de d\u00e9veloppement de logiciels et des applications d&#8217;entreprise. Nos services d&#8217;informatique cloud offrent aux entreprises une flexibilit\u00e9 et une \u00e9volutivit\u00e9 accrues, des co\u00fbts r\u00e9duits et des capacit\u00e9s de reprise apr\u00e8s sinistre am\u00e9lior\u00e9es.<\/p>\n<h4>Services informatique cloud pour les entreprises<\/h4>\n<ul>\n<li>\n\t\t\t\t\t\t\t\t\t\tPlanifier la migration vers cloud \u00e0 partir d&#8217;environnements sur site\n\t\t\t\t\t\t\t\t\t<\/li>\n<li>\n\t\t\t\t\t\t\t\t\t\tDiriger le processus de migration et garantir l&#8217;int\u00e9grit\u00e9 des donn\u00e9es\n\t\t\t\t\t\t\t\t\t<\/li>\n<li>\n\t\t\t\t\t\t\t\t\t\tOptimiser l&#8217;utilisation du nuage en utilisant les meilleures pratiques de l&#8217;industrie\n\t\t\t\t\t\t\t\t\t<\/li>\n<li>\n\t\t\t\t\t\t\t\t\t\tAutomatiser les t\u00e2ches r\u00e9p\u00e9titives pour am\u00e9liorer la productivit\u00e9 et r\u00e9duire les co\u00fbts\n\t\t\t\t\t\t\t\t\t<\/li>\n<\/ul>\n<h4>S\u00e9curit\u00e9 de cloud<\/h4>\n<ul>\n<li>\n\t\t\t\t\t\t\t\t\t\tContr\u00f4ler et appliquer la politique d&#8217;acc\u00e8s aux donn\u00e9es \u00e0 distance\n\t\t\t\t\t\t\t\t\t<\/li>\n<li>\n\t\t\t\t\t\t\t\t\t\tAssurer une s\u00e9curit\u00e9 maximale de la vie priv\u00e9e\n\t\t\t\t\t\t\t\t\t<\/li>\n<li>\n\t\t\t\t\t\t\t\t\t\tD\u00e9finir les niveaux d&#8217;acc\u00e8s des utilisateurs et leur profil d&#8217;autorisation\n\t\t\t\t\t\t\t\t\t<\/li>\n<\/ul>\n<h4>Continuit\u00e9 des activit\u00e9s et des op\u00e9rations<\/h4>\n<ul>\n<li>\n\t\t\t\t\t\t\t\t\t\tConfigurer des sauvegardes dans le cloud\n\t\t\t\t\t\t\t\t\t<\/li>\n<li>\n\t\t\t\t\t\t\t\t\t\tRestaurer des donn\u00e9es \u00e0 partir du cloud\n\t\t\t\t\t\t\t\t\t<\/li>\n<li>\n\t\t\t\t\t\t\t\t\t\tConcevoir un plan de reprise apr\u00e8s sinistre\n\t\t\t\t\t\t\t\t\t<\/li>\n<\/ul>\n<h4>Soutien aux op\u00e9rations quotidiennes dans le cloud<\/h4>\n<ul>\n<li>\n\t\t\t\t\t\t\t\t\t\tGarantir l&#8217;acc\u00e8s aux ressources n\u00e9cessaires pour mener \u00e0 bien les op\u00e9rations quotidiennes\n\t\t\t\t\t\t\t\t\t<\/li>\n<li>\n\t\t\t\t\t\t\t\t\t\tAssister les utilisateurs et r\u00e9soudre les probl\u00e8mes qui se posent\n\t\t\t\t\t\t\t\t\t<\/li>\n<li>\n\t\t\t\t\t\t\t\t\t\tR\u00e9soudre les probl\u00e8mes en temps utile\n\t\t\t\t\t\t\t\t\t<\/li>\n<\/ul>\n<h5>Nos services<\/h5>\n<p>\t\t\t\t\t<a href=\"https:\/\/www.twyntech.ca\/contact\/\"><\/p>\n<h2>\n\t\t\t\t\t\tConsultation gratuite\t\t\t\t\t<\/h2>\n<p>Nous offrons une consultation gratuite \u00e0 tous les nouveaux clients<\/p>\n<p>\t\t\t\t\t\tObtenez une consultation gratuite<br \/>\n\t\t\t\t\t\t<\/a><\/p>\n<h5>Des questions ?<\/h5>\n<p>Demandez \u00e0 \u00eatre rappel\u00e9 pour obtenir une analyse rapide et gratuite de votre entreprise d\u00e8s aujourd&#8217;hui !<\/p>\n<\/p>\n<h3>Ce qui nous distingue<\/h3>\n<p>\t\t\t\t\t\t<a aria-label=\"Pas de frais cach\u00e9s\">\t\t\t\t\t\t\t<\/p>\n<h4>\n\t\t\t\t\t\t\t\t\t\t\t\t\t\t\t\t\t\t\t\t\t\t\tPas de frais cach\u00e9s\t\t\t\t\t\t\t\t\t\t\t\t\t\t\t\t\t\t\t\t\t<\/h4>\n<p>Nous ne facturons pas de frais suppl\u00e9mentaires en dehors de ce qui a \u00e9t\u00e9 convenu lors de la consultation initiale.  <\/p>\n<p>\t\t\t\t\t\t<\/a><br \/>\n\t\t\t\t\t\t<a aria-label=\"Une technologie de pointe\">\t\t\t\t\t\t\t<\/p>\n<h4>\n\t\t\t\t\t\t\t\t\t\t\t\t\t\t\t\t\t\t\t\t\t\t\tUne technologie de pointe\t\t\t\t\t\t\t\t\t\t\t\t\t\t\t\t\t\t\t\t\t<\/h4>\n<p>Nous utilisons les meilleures pratiques de l&#8217;industrie dans tout ce que nous faisons. Nous utilisons toujours les technologies les plus rentables.<\/p>\n<p>\t\t\t\t\t\t<\/a><br \/>\n\t\t\t\t\t\t<a aria-label=\"Approche ax\u00e9e sur les r\u00e9sultats\">\t\t\t\t\t\t\t<\/p>\n<h4>\n\t\t\t\t\t\t\t\t\t\t\t\t\t\t\t\t\t\t\t\t\t\t\tApproche ax\u00e9e sur les r\u00e9sultats\t\t\t\t\t\t\t\t\t\t\t\t\t\t\t\t\t\t\t\t\t<\/h4>\n<p>Nous mesurons tout le travail que nous effectuons afin d&#8217;obtenir les meilleurs r\u00e9sultats possibles pour chacun des services que nous fournissons.<\/p>\n<p>\t\t\t\t\t\t<\/a><br \/>\n\t\t\t\t\t\t<a aria-label=\"Qualit\u00e9, qualit\u00e9, qualit\u00e9\">\t\t\t\t\t\t\t<\/p>\n<h4>\n\t\t\t\t\t\t\t\t\t\t\t\t\t\t\t\t\t\t\t\t\t\t\tQualit\u00e9, qualit\u00e9, qualit\u00e9\t\t\t\t\t\t\t\t\t\t\t\t\t\t\t\t\t\t\t\t\t<\/h4>\n<p>Nous sommes fiers du processus de qualit\u00e9 que nous suivons \u00e0 Services TWYNTECH, chaque service que nous fournissons adh\u00e8re \u00e0 la meilleure qualit\u00e9 possible. <\/p>\n<p>\t\t\t\t\t\t<\/a><\/p>\n","protected":false},"excerpt":{"rendered":"<p>Ce que nous fournissons pour les services cloud Nous fournissons des services d&#8217;informatique cloud qui permettent aux utilisateurs d&#8217;acc\u00e9der \u00e0 des ressources informatiques, telles que des logiciels, des espaces de stockage et de la puissance de traitement, et de les g\u00e9rer via l&#8217;internet. Nous proposons diff\u00e9rents types de services en nuage, notamment l&#8217;infrastructure en tant&hellip;<\/p>\n","protected":false},"author":3,"featured_media":5294,"parent":0,"menu_order":0,"comment_status":"closed","ping_status":"closed","template":"","meta":{"footnotes":""},"class_list":["post-5312","page","type-page","status-publish","has-post-thumbnail","hentry","description-off"],"_links":{"self":[{"href":"https:\/\/www.twyntech.ca\/fr\/wp-json\/wp\/v2\/pages\/5312","targetHints":{"allow":["GET"]}}],"collection":[{"href":"https:\/\/www.twyntech.ca\/fr\/wp-json\/wp\/v2\/pages"}],"about":[{"href":"https:\/\/www.twyntech.ca\/fr\/wp-json\/wp\/v2\/types\/page"}],"author":[{"embeddable":true,"href":"https:\/\/www.twyntech.ca\/fr\/wp-json\/wp\/v2\/users\/3"}],"replies":[{"embeddable":true,"href":"https:\/\/www.twyntech.ca\/fr\/wp-json\/wp\/v2\/comments?post=5312"}],"version-history":[{"count":3,"href":"https:\/\/www.twyntech.ca\/fr\/wp-json\/wp\/v2\/pages\/5312\/revisions"}],"predecessor-version":[{"id":5367,"href":"https:\/\/www.twyntech.ca\/fr\/wp-json\/wp\/v2\/pages\/5312\/revisions\/5367"}],"wp:featuredmedia":[{"embeddable":true,"href":"https:\/\/www.twyntech.ca\/fr\/wp-json\/wp\/v2\/media\/5294"}],"wp:attachment":[{"href":"https:\/\/www.twyntech.ca\/fr\/wp-json\/wp\/v2\/media?parent=5312"}],"curies":[{"name":"wp","href":"https:\/\/api.w.org\/{rel}","templated":true}]}}